{"id":19,"date":"2023-04-26T14:30:56","date_gmt":"2023-04-26T12:30:56","guid":{"rendered":"https:\/\/koerper-seele.php-strauss.de\/?page_id=19"},"modified":"2023-06-27T19:32:08","modified_gmt":"2023-06-27T17:32:08","slug":"startseite","status":"publish","type":"page","link":"https:\/\/koerper-seele.php-strauss.de\/tr\/","title":{"rendered":"Ana sayfa"},"content":{"rendered":"\n<div class=\"wp-block-columns wc-block-grid__products margin-top is-layout-flex wp-container-3\">\n<div class=\"wp-block-column is-layout-flow\">\n<figure class=\"wp-block-image size-full\"><img decoding=\"async\" loading=\"lazy\" width=\"1024\" height=\"768\" src=\"https:\/\/koerper-seele.php-strauss.de\/wp-content\/uploads\/2023\/04\/WhatsApp-Image-2022-12-19-at-12.11.20.webp\" alt=\"\" class=\"wp-image-83\" srcset=\"https:\/\/koerper-seele.php-strauss.de\/wp-content\/uploads\/2023\/04\/WhatsApp-Image-2022-12-19-at-12.11.20.webp 1024w, https:\/\/koerper-seele.php-strauss.de\/wp-content\/uploads\/2023\/04\/WhatsApp-Image-2022-12-19-at-12.11.20-300x225.webp 300w, https:\/\/koerper-seele.php-strauss.de\/wp-content\/uploads\/2023\/04\/WhatsApp-Image-2022-12-19-at-12.11.20-768x576.webp 768w\" sizes=\"(max-width: 1024px) 100vw, 1024px\" \/><\/figure>\n<\/div>\n\n\n\n<div class=\"wp-block-column is-layout-flow\">\n<h2 class=\"wp-block-heading has-large-font-size\">Ki\u015fisel bilgi<\/h2>\n\n\n\n<p class=\"has-medium-font-size\">&#8220;Aynaya bak ve kendine SEN\u0130 SEV\u0130YORUM de. De\u011ferlerini bil ve ona g\u00f6re hareket et&#8221;<\/p>\n\n\n\n<p class=\"has-medium-font-size\">Profesyonel ve sevgi dolu! Bunlar benim i\u00e7in ayr\u0131lmaz nitelikler.<\/p>\n\n\n\n<p class=\"has-medium-font-size\">De\u011ferli dan\u0131\u015fanlar, benim ad\u0131m Serpil \u00d6zcim. \u0130nsanlarla ve ge\u00e7mi\u015fleriyle, hayalleriyle, korkular\u0131yla, g\u00fc\u00e7l\u00fc y\u00f6nleriyle, k\u0131sacas\u0131 hikayeleriyle her zaman ilgilenmi\u015fimdir. Uzun y\u0131llard\u0131r psikolojik sorunlarl\u0131 olan insanlara ilgileniyorum ve bu y\u00fczden ba\u015fkalar\u0131na yard\u0131m etme konusunda tutkuluyum.<\/p>\n\n\n\n<p class=\"has-medium-font-size\">E\u011fitimim ve ki\u015fisel deneyimim sayesinde, prati\u011fe y\u00f6nelik \u00e7al\u0131\u015fma tarz\u0131mda kulland\u0131\u011f\u0131m ve bunlar\u0131 bireysel ihtiya\u00e7lara uyarlad\u0131\u011f\u0131m \u00e7ok \u00e7e\u015fitli y\u00f6ntemlere sahibim. A\u011f\u0131rl\u0131kl\u0131 olarak psikolojik astroloji kullan\u0131m\u0131yla zenginle\u015ftirilebilen yans\u0131t\u0131c\u0131 konu\u015fmalar, meditasyonlar, fantezi yolculuklar\u0131, NLP, enerji \u00e7al\u0131\u015fmas\u0131 ve inan\u00e7 \u00e7al\u0131\u015fmas\u0131 ile \u00e7al\u0131\u015f\u0131yorum. Bir e\u011fitmen olarak ald\u0131\u011f\u0131m e\u011fitim, di\u011fer fakt\u00f6rleri dahil etmeme izin veriyor:<\/p>\n<\/div>\n<\/div>\n\n\n<div class=\"koerper-seele-themen\">\n                                        <div class=\"wp-block-columns is-layout-flex wp-container-19 wp-block-columns-is-layout-flex wc-block-grid__products margin-top\">\n                                <div class=\"wp-block-column is-layout-flow wp-block-column-is-layout-flow\">\n                    <div class=\"wp-block-columns alignwide is-layout-flex wp-container-9 wp-block-columns-is-layout-flex\">\n                                <a class=\"wp-block-column is-layout-flow wp-block-column-is-layout-flow\" href=\"https:\/\/koerper-seele.php-strauss.de\/tr\/familienberatung\/\">\n                            <div class=\"wp-block-cover is-light\" style=\"min-height:306px!important;\">\n                                <span aria-hidden=\"true\" class=\"wp-block-cover__background has-cyan-bluish-gray-background-color has-background-dim-100 has-background-dim\" style=\"background-image: url('https:\/\/koerper-seele.php-strauss.de\/wp-content\/uploads\/2023\/05\/Familienberatung.jpg');background-position: center center;background-size: 100% auto;background-repeat: no-repeat;\"><\/span>\n                                <div class=\"wp-block-cover__inner-container is-layout-flow wp-block-cover-is-layout-flow\">\n                                    <p class=\"has-text-align-center\">Aile dan\u0131\u015fmanl\u0131\u011f\u0131<\/p>\n                                <\/div>\n                            <\/div>\n                        <\/a>\n                                                            <a class=\"wp-block-column is-layout-flow wp-block-column-is-layout-flow\" href=\"https:\/\/koerper-seele.php-strauss.de\/tr\/lebens-und-psychosozialeberatung\/\">\n                            <div class=\"wp-block-cover is-light\" style=\"min-height:306px!important;\">\n                                <span aria-hidden=\"true\" class=\"wp-block-cover__background has-cyan-bluish-gray-background-color has-background-dim-100 has-background-dim\" style=\"background-image: url('https:\/\/koerper-seele.php-strauss.de\/wp-content\/uploads\/2023\/05\/Lebensberatung.jpg');background-position: center center;background-size: 100% auto;background-repeat: no-repeat;\"><\/span>\n                                <div class=\"wp-block-cover__inner-container is-layout-flow wp-block-cover-is-layout-flow\">\n                                    <p class=\"has-text-align-center\">Ya\u015fam Coaching<\/p>\n                                <\/div>\n                            <\/div>\n                        <\/a>\n                            <\/div>\n                <\/div>\n                                                    <div class=\"wp-block-column is-layout-flow wp-block-column-is-layout-flow\">\n                    <div class=\"wp-block-columns alignwide is-layout-flex wp-container-17 wp-block-columns-is-layout-flex\">\n                                <a class=\"wp-block-column is-layout-flow wp-block-column-is-layout-flow\" href=\"https:\/\/koerper-seele.php-strauss.de\/tr\/reiki\/\">\n                            <div class=\"wp-block-cover is-light\" style=\"min-height:306px!important;\">\n                                <span aria-hidden=\"true\" class=\"wp-block-cover__background has-cyan-bluish-gray-background-color has-background-dim-100 has-background-dim\" style=\"background-image: url('https:\/\/koerper-seele.php-strauss.de\/wp-content\/uploads\/2023\/05\/Reiki.jpg');background-position: center center;background-size: 100% auto;background-repeat: no-repeat;\"><\/span>\n                                <div class=\"wp-block-cover__inner-container is-layout-flow wp-block-cover-is-layout-flow\">\n                                    <p class=\"has-text-align-center\">Reiki<\/p>\n                                <\/div>\n                            <\/div>\n                        <\/a>\n                                                            <a class=\"wp-block-column is-layout-flow wp-block-column-is-layout-flow\" href=\"https:\/\/koerper-seele.php-strauss.de\/tr\/alltagsbegleiter-nach-%c2%a745b-sgb-xi\/\">\n                            <div class=\"wp-block-cover is-light\" style=\"min-height:306px!important;\">\n                                <span aria-hidden=\"true\" class=\"wp-block-cover__background has-cyan-bluish-gray-background-color has-background-dim-100 has-background-dim\" style=\"background-image: url('https:\/\/koerper-seele.php-strauss.de\/wp-content\/uploads\/2023\/05\/Alltagsbegleitung.jpg');background-position: center center;background-size: 100% auto;background-repeat: no-repeat;\"><\/span>\n                                <div class=\"wp-block-cover__inner-container is-layout-flow wp-block-cover-is-layout-flow\">\n                                    <p class=\"has-text-align-center\">G\u00fcnl\u00fck yard\u0131m \u00a7 45 b SGB XI<\/p>\n                                <\/div>\n                            <\/div>\n                        <\/a>\n                            <\/div>\n                <\/div>\n                                        <\/div>\n                                            <div class=\"wp-block-columns is-layout-flex wp-container-19 wp-block-columns-is-layout-flex wc-block-grid__products margin-top\">\n                                <div class=\"wp-block-column is-layout-flow wp-block-column-is-layout-flow\">\n                    <div class=\"wp-block-columns alignwide is-layout-flex wp-container-9 wp-block-columns-is-layout-flex\">\n                                <a class=\"wp-block-column is-layout-flow wp-block-column-is-layout-flow\" href=\"https:\/\/koerper-seele.php-strauss.de\/tr\/therapiehund\/\">\n                            <div class=\"wp-block-cover is-light\" style=\"min-height:306px!important;\">\n                                <span aria-hidden=\"true\" class=\"wp-block-cover__background has-cyan-bluish-gray-background-color has-background-dim-100 has-background-dim\" style=\"background-image: url('https:\/\/koerper-seele.php-strauss.de\/wp-content\/uploads\/2023\/05\/IMG_7183-scaled.jpg');background-position: center center;background-size: 100% auto;background-repeat: no-repeat;\"><\/span>\n                                <div class=\"wp-block-cover__inner-container is-layout-flow wp-block-cover-is-layout-flow\">\n                                    <p class=\"has-text-align-center\">Terapi k\u00f6pe\u011fi<\/p>\n                                <\/div>\n                            <\/div>\n                        <\/a>\n                                                            <a class=\"wp-block-column is-layout-flow wp-block-column-is-layout-flow\" href=\"https:\/\/koerper-seele.php-strauss.de\/tr\/burnout\/\">\n                            <div class=\"wp-block-cover is-light\" style=\"min-height:306px!important;\">\n                                <span aria-hidden=\"true\" class=\"wp-block-cover__background has-cyan-bluish-gray-background-color has-background-dim-100 has-background-dim\" style=\"background-image: url('https:\/\/koerper-seele.php-strauss.de\/wp-content\/uploads\/2023\/05\/Burnout.jpg');background-position: center center;background-size: 100% auto;background-repeat: no-repeat;\"><\/span>\n                                <div class=\"wp-block-cover__inner-container is-layout-flow wp-block-cover-is-layout-flow\">\n                                    <p class=\"has-text-align-center\">T\u00fckenmi\u015flik sendromu<\/p>\n                                <\/div>\n                            <\/div>\n                        <\/a>\n                            <\/div>\n                <\/div>\n                                                    <div class=\"wp-block-column is-layout-flow wp-block-column-is-layout-flow\">\n                    <div class=\"wp-block-columns alignwide is-layout-flex wp-container-17 wp-block-columns-is-layout-flex\">\n                                <a class=\"wp-block-column is-layout-flow wp-block-column-is-layout-flow\" href=\"https:\/\/koerper-seele.php-strauss.de\/tr\/trauma-und-verlust\/\">\n                            <div class=\"wp-block-cover is-light\" style=\"min-height:306px!important;\">\n                                <span aria-hidden=\"true\" class=\"wp-block-cover__background has-cyan-bluish-gray-background-color has-background-dim-100 has-background-dim\" style=\"background-image: url('https:\/\/koerper-seele.php-strauss.de\/wp-content\/uploads\/2023\/05\/Trauma-Verlust.jpg');background-position: center center;background-size: 100% auto;background-repeat: no-repeat;\"><\/span>\n                                <div class=\"wp-block-cover__inner-container is-layout-flow wp-block-cover-is-layout-flow\">\n                                    <p class=\"has-text-align-center\">Travma ve kay\u0131pl\u0131k<\/p>\n                                <\/div>\n                            <\/div>\n                        <\/a>\n                                                            <a class=\"wp-block-column is-layout-flow wp-block-column-is-layout-flow\" href=\"https:\/\/koerper-seele.php-strauss.de\/tr\/sport-tanz-fitness-entspannung\/\">\n                            <div class=\"wp-block-cover is-light\" style=\"min-height:306px!important;\">\n                                <span aria-hidden=\"true\" class=\"wp-block-cover__background has-cyan-bluish-gray-background-color has-background-dim-100 has-background-dim\" style=\"background-image: url('https:\/\/koerper-seele.php-strauss.de\/wp-content\/uploads\/2023\/05\/Sport-Tanz-Fitness.jpg');background-position: center center;background-size: 100% auto;background-repeat: no-repeat;\"><\/span>\n                                <div class=\"wp-block-cover__inner-container is-layout-flow wp-block-cover-is-layout-flow\">\n                                    <p class=\"has-text-align-center\">Spor \/ Dans \/ Fitness \/ gev\u015feme tekni\u011fi<\/p>\n                                <\/div>\n                            <\/div>\n                        <\/a>\n                            <\/div>\n                <\/div>\n                                        <\/div>\n                                            <div class=\"wp-block-columns is-layout-flex wp-container-19 wp-block-columns-is-layout-flex wc-block-grid__products margin-top\">\n                                <div class=\"wp-block-column is-layout-flow wp-block-column-is-layout-flow\">\n                    <div class=\"wp-block-columns alignwide is-layout-flex wp-container-9 wp-block-columns-is-layout-flex\">\n                                <a class=\"wp-block-column is-layout-flow wp-block-column-is-layout-flow\" href=\"https:\/\/koerper-seele.php-strauss.de\/tr\/mitarbeitersport\/\">\n                            <div class=\"wp-block-cover is-light\" style=\"min-height:306px!important;\">\n                                <span aria-hidden=\"true\" class=\"wp-block-cover__background has-cyan-bluish-gray-background-color has-background-dim-100 has-background-dim\" style=\"background-image: url('https:\/\/koerper-seele.php-strauss.de\/wp-content\/uploads\/2023\/05\/Mitarbeitersport.jpg');background-position: center center;background-size: 100% auto;background-repeat: no-repeat;\"><\/span>\n                                <div class=\"wp-block-cover__inner-container is-layout-flow wp-block-cover-is-layout-flow\">\n                                    <p class=\"has-text-align-center\">I\u015fciler i\u00e7in spor<\/p>\n                                <\/div>\n                            <\/div>\n                        <\/a>\n                                                            <a class=\"wp-block-column is-layout-flow wp-block-column-is-layout-flow\" href=\"https:\/\/koerper-seele.php-strauss.de\/tr\/kindersport-kindertanz\/\">\n                            <div class=\"wp-block-cover is-light\" style=\"min-height:306px!important;\">\n                                <span aria-hidden=\"true\" class=\"wp-block-cover__background has-cyan-bluish-gray-background-color has-background-dim-100 has-background-dim\" style=\"background-image: url('https:\/\/koerper-seele.php-strauss.de\/wp-content\/uploads\/2023\/05\/Kindersport.jpg');background-position: center center;background-size: 100% auto;background-repeat: no-repeat;\"><\/span>\n                                <div class=\"wp-block-cover__inner-container is-layout-flow wp-block-cover-is-layout-flow\">\n                                    <p class=\"has-text-align-center\">\u00c7ocuklar i\u00e7in spor ve dans<\/p>\n                                <\/div>\n                            <\/div>\n                        <\/a>\n                            <\/div>\n                <\/div>\n                                <\/div>\n    <\/div>\n\n\n\n<div class=\"wp-block-columns wc-block-grid__products margin-top is-layout-flex wp-container-5\">\n<div class=\"wp-block-column is-layout-flow\">\n<h2 class=\"wp-block-heading has-medium-font-size\"><strong>Ki\u015fissel k\u0131sa \u00f6zge\u00e7:<\/strong><\/h2>\n\n\n\n<ul class=\"has-small-font-size\">\n<li>Aile dan\u0131\u015fmanl\u0131\u011f\u0131 (\u00f6rn. \u00e7iftler, bireyler, \u00e7ocuklar, gen\u00e7ler i\u00e7in dan\u0131\u015fmanl\u0131k veya evlilik haz\u0131rl\u0131\u011f\u0131)<\/li>\n\n\n\n<li>Bo\u015fanma deste\u011fi<\/li>\n\n\n\n<li>Travma deste\u011fi<\/li>\n\n\n\n<li>T\u00fckenmi\u015flik<\/li>\n\n\n\n<li>Ya\u015fam dan\u0131\u015fmanl\u0131\u011f\u0131 \/ psikososyal dan\u0131\u015fmanl\u0131k<\/li>\n\n\n\n<li>Reiki<\/li>\n\n\n\n<li>\u00c7ocuklar ve yeti\u015fkinler i\u00e7in stres y\u00f6netimi e\u011fitmeni<\/li>\n\n\n\n<li>Ba\u011f\u0131ml\u0131l\u0131k dan\u0131\u015fmanl\u0131\u011f\u0131<\/li>\n\n\n\n<li>Hayvanterapi deste\u011fi (\u00f6rn. fiziksel ve zihinsel \u00f6z\u00fcrl\u00fc\u011f\u00fcnde)<\/li>\n\n\n\n<li>Temel yeterlilik kursu AnF\u00f6VO, 40.0 saat \u00a7 45 b SGB XI<\/li>\n\n\n\n<li>T\u0131bbi fitness e\u011fitmeni (ki\u015fisel geli\u015fim)<\/li>\n\n\n\n<li>Fitness e\u011fitmeni A lisans\u0131 (Fitness e\u011fitmeni B \u2013 ki\u015fisel antren\u00f6r)<\/li>\n\n\n\n<li>Resmi Zumba e\u011fitmeni ve Zumba Gold<\/li>\n\n\n\n<li>Resmi Zumba \u00c7e\u015fitleri ve Zumba Kids Jr. E\u011fitmeni<\/li>\n\n\n\n<li>\u00c7ocuk Hareketi E\u011fitmeni (\u00c7ocuk Sporlar\u0131 E\u011fitmeni-Yarat\u0131c\u0131 E\u011fitmen)<\/li>\n\n\n\n<li>Pilates e\u011fitmeni (\u00c7ocuklar ve yeti\u015fkinler)<\/li>\n\n\n\n<li>Jimnastik (temel antrenman)<\/li>\n\n\n\n<li>Yoga ve \u00e7ocuk yogas\u0131<\/li>\n\n\n\n<li>Meditasyon (Hayali yolculuklar)<\/li>\n<\/ul>\n<\/div>\n<\/div>\n","protected":false},"excerpt":{"rendered":"<p>Ki\u015fisel bilgi &#8220;Aynaya bak ve kendine SEN\u0130 SEV\u0130YORUM de. De\u011ferlerini bil ve ona g\u00f6re hareket et&#8221; Profesyonel ve sevgi dolu! Bunlar benim i\u00e7in ayr\u0131lmaz nitelikler. De\u011ferli dan\u0131\u015fanlar, benim ad\u0131m Serpil \u00d6zcim. \u0130nsanlarla ve ge\u00e7mi\u015fleriyle, hayalleriyle, korkular\u0131yla, g\u00fc\u00e7l\u00fc y\u00f6nleriyle, k\u0131sacas\u0131 hikayeleriyle her zaman ilgilenmi\u015fimdir. Uzun y\u0131llard\u0131r psikolojik sorunlarl\u0131 olan insanlara ilgileniyorum ve bu y\u00fczden ba\u015fkalar\u0131na yard\u0131m etme konusunda tutkuluyum. E\u011fitimim ve ki\u015fisel deneyimim sayesinde, prati\u011fe y\u00f6nelik \u00e7al\u0131\u015fma tarz\u0131mda kulland\u0131\u011f\u0131m ve bunlar\u0131&hellip;<\/p>\n","protected":false},"author":1,"featured_media":0,"parent":0,"menu_order":0,"comment_status":"closed","ping_status":"closed","template":"","meta":[],"_links":{"self":[{"href":"https:\/\/koerper-seele.php-strauss.de\/tr\/wp-json\/wp\/v2\/pages\/19"}],"collection":[{"href":"https:\/\/koerper-seele.php-strauss.de\/tr\/wp-json\/wp\/v2\/pages"}],"about":[{"href":"https:\/\/koerper-seele.php-strauss.de\/tr\/wp-json\/wp\/v2\/types\/page"}],"author":[{"embeddable":true,"href":"https:\/\/koerper-seele.php-strauss.de\/tr\/wp-json\/wp\/v2\/users\/1"}],"replies":[{"embeddable":true,"href":"https:\/\/koerper-seele.php-strauss.de\/tr\/wp-json\/wp\/v2\/comments?post=19"}],"version-history":[{"count":24,"href":"https:\/\/koerper-seele.php-strauss.de\/tr\/wp-json\/wp\/v2\/pages\/19\/revisions"}],"predecessor-version":[{"id":237,"href":"https:\/\/koerper-seele.php-strauss.de\/tr\/wp-json\/wp\/v2\/pages\/19\/revisions\/237"}],"wp:attachment":[{"href":"https:\/\/koerper-seele.php-strauss.de\/tr\/wp-json\/wp\/v2\/media?parent=19"}],"curies":[{"name":"wp","href":"https:\/\/api.w.org\/{rel}","templated":true}]}}