{"id":21,"date":"2023-04-26T14:31:35","date_gmt":"2023-04-26T12:31:35","guid":{"rendered":"https:\/\/koerper-seele.php-strauss.de\/?page_id=21"},"modified":"2023-06-27T17:29:48","modified_gmt":"2023-06-27T15:29:48","slug":"familienberatung","status":"publish","type":"page","link":"https:\/\/koerper-seele.php-strauss.de\/tr\/familienberatung\/","title":{"rendered":"Aile dan\u0131\u015fmanl\u0131\u011f\u0131"},"content":{"rendered":"\n<p>E\u011fer kimseye anlatamad\u0131\u011f\u0131n\u0131z, payla\u015famad\u0131\u011f\u0131n\u0131z ve bunald\u0131\u011f\u0131n\u0131z konular var ise ve i\u00e7inizi bo\u015falt\u0131p ve rahatlatabilece\u011finiz bir ortam ar\u0131yorsan\u0131z, dan\u0131\u015fmanl\u0131k size yard\u0131mc\u0131 olabilir Aile dan\u0131\u015fmanl\u0131\u011f\u0131, bireysel veya t\u00fcm aile sorunlar\u0131 olan aileleri desteklemeyi ama\u00e7lamaktad\u0131r. E\u011fitim sorunlar\u0131na, ayr\u0131l\u0131k veya bo\u015fanmada \u00e7\u00f6z\u00fcm bulmak i\u00e7in yard\u0131mc\u0131 olur. Herkes sorunlar\u0131n\u0131 kendi ba\u015f\u0131na \u00e7\u00f6zemez, bu nedenle aile dan\u0131\u015fmanl\u0131\u011f\u0131, al\u0131\u015f\u0131lm\u0131\u015f davran\u0131\u015f kal\u0131plar\u0131n\u0131 olumlu y\u00f6nde de\u011fi\u015ftirmek i\u00e7in \u00f6nerilen veya gerekli bir ad\u0131md\u0131r. Sa\u011fl\u0131kl\u0131 anne, baba, abi, abla, karde\u015f ili\u015fkileri i\u00e7in destek olur.<\/p>\n\n\n\n<h2 class=\"wp-block-heading\">Bireysel dan\u0131\u015fmanl\u0131\u011f\u0131<\/h2>\n\n\n\n<p>Daha mutlu ve huzurlu bir ya\u015fam i\u00e7in kendinizi daha iyi tan\u0131mak, karakter ve ruhsal yap\u0131n\u0131z\u0131n s\u0131n\u0131rlar\u0131n\u0131, g\u00fc\u00e7l\u00fc ve zay\u0131f y\u00f6nlerini fark etmek istiyorsan\u0131z yard\u0131m alman\u0131z\u0131 tavsiyeliyorum. Hayat\u0131n zorluklar\u0131yla ba\u015fedebilmek i\u00e7in duygu, d\u00fc\u015f\u00fcnce, davran\u0131\u015f ve alg\u0131lar\u0131n\u0131z\u0131 yeniden g\u00f6zden ge\u00e7irmek gerekiyorsa psikolojik destek almak problemlerin \u00e7\u00f6z\u00fcm\u00fcne katk\u0131 sa\u011flayabilirsiniz.<\/p>\n\n\n\n<p>\u00d6rne\u011fin:<\/p>\n\n\n\n<ul>\n<li>zihinsel gerginlikler<\/li>\n\n\n\n<li>a\u015f\u0131r\u0131 sinirlilik<\/li>\n\n\n\n<li>k\u0131skan\u00e7l\u0131k<\/li>\n\n\n\n<li>\u00f6zg\u00fcven eksikli\u011fi,<\/li>\n\n\n\n<li>mutsuzluk, huzursuzluk<\/li>\n\n\n\n<li>g\u00fcvensizlik<\/li>\n\n\n\n<li>karamsarl\u0131k<\/li>\n\n\n\n<li>\u00e7aresizlik<\/li>\n\n\n\n<li>uykusuzluk<\/li>\n\n\n\n<li>sosyal ili\u015fkilerde<\/li>\n\n\n\n<li>i\u00e7e kapanma<\/li>\n\n\n\n<li>E\u015f, \u00e7ocuk ve \u00e7evredeki insanlarla ileti\u015fim problemlerinde<\/li>\n\n\n\n<li>Korkular, endi\u015feler, bunal\u0131mlar, kayg\u0131lar<\/li>\n\n\n\n<li>Mobbing (okulda, i\u015f yerlerinde, kom\u015fu, arkada\u015f ve akrabalar ars\u0131nda d\u0131\u015flanma, a\u015fa\u011f\u0131lanma, hakaret, y\u0131ld\u0131rma , bezdirme, psikolojik bask\u0131 uygulama) gibi durumlarda.<\/li>\n<\/ul>\n\n\n\n<h2 class=\"wp-block-heading\"><strong>Tan\u0131\u015fma ve Ni\u015fanl\u0131l\u0131k dan\u0131\u015fmanl\u0131\u011f\u0131<\/strong><\/h2>\n\n\n\n<p>Evlenmeden \u00f6nce dikkat edilmesi gereken d\u00fc\u015f\u00fcnce, duygu ve davran\u0131\u015flar vardir. Fay hatt\u0131 \u00fczerine kurulan evlilikler veya kan uyu\u015fmazl\u0131\u011f\u0131 olabilir. A\u015f\u0131k olarak evlenmenin risklerini, a\u015fk duygusunun kontrol\u00fcn \u00f6nemi vard\u0131r. Dini, k\u00fclt\u00fcrel, karakter, duygusal, yeti\u015fme ve ya\u015fam<\/p>\n\n\n\n<p>tarz\u0131ndan kaynaklanan farkl\u0131l\u0131klara \u00f6nem verilmelidir. \u00dc\u00e7\u00fcnc\u00fc \u015fah\u0131slar\u0131n evlenecek ki\u015filere \u00f6l\u00e7\u00fcs\u00fcz ve gereksiz kar\u0131\u015fmalar\u0131 olabilir. Kay\u0131n peder ve kay\u0131n valide sorunlar\u0131, birlikte yada yak\u0131n oturman\u0131n avantaj veya dezavantajlar\u0131 g\u00f6r\u00fcnt\u00fclenmelidir. Kom\u015fu, arkada\u015f ve akraba ili\u015fkilerinde dikkat edilmesi gerekenlerdendir. De\u011fi\u015fik din, k\u00fclt\u00fcr, inan\u00e7 ve \u0131rklara mensup ki\u015filerle evlilikler, farkl\u0131 \u00fclke ve k\u00fclt\u00fcrlerde ya\u015fayan ki\u015filerin evliliklerinde ortaya \u00e7\u0131kan sorunlar, inan\u00e7 konular\u0131ndaki anla\u015fmazl\u0131klar olabilir. E\u015flerin birbirlerini anneleriyle babalar\u0131yla kar\u015f\u0131la\u015ft\u0131rmalar\u0131 veya ba\u015fkalar\u0131yla k\u0131yaslamalar\u0131 engeldir. Be\u011fensinler, \u00f6zenti, g\u00f6steri\u015f tarzlar tuzakt\u0131r.<br>Ni\u015fanl\u0131k d\u00f6neminde \u00e7iftlerin birbirlerinden beklentilerini fark etmeleri gerekmektetir ve sorunlar hakk\u0131nda \u00f6nceden bilin\u00e7lenip \u00e7\u00f6z\u00fcm yollar\u0131 hedeflenmelidir. Dan\u0131\u015fmanl\u0131k sayesinde, \u00e7iftler birbirlerini daha iyi tan\u0131r, ihtiya\u00e7 ve beklentilerini daha objektif bir g\u00f6zle fark ededilirler. Bunun sayesinde ileti\u015fimleri g\u00fc\u00e7lenir ver artar. Ileride daha uyumlu ve sa\u011fl\u0131kl\u0131 bir evlilik ger\u00e7ekle\u015fir.<\/p>\n\n\n\n<p>Evlilik \u00d6ncesi dan\u0131\u015fmanl\u0131\u011f\u0131 konulari:<\/p>\n\n\n\n<ul>\n<li>\u00c7iftler aras g\u00fcveni art\u0131rmak<\/li>\n\n\n\n<li>\u0130leti\u015fim tekniklerinin \u00f6\u011frenilmesi<\/li>\n\n\n\n<li>Evlilik problemlerine \u00e7\u00f6z\u00fcm \u00f6nerileri<\/li>\n\n\n\n<li>K\u00fclt\u00fcr fark ile anla\u015fma<\/li>\n\n\n\n<li>\u00c7iftler aras\u0131ndaki ba\u011fl\u0131l\u0131\u011f\u0131 art\u0131rma<\/li>\n\n\n\n<li>Evlilikten beklentileri tespit etmek ve haz\u0131rlanma<\/li>\n<\/ul>\n\n\n\n<h2 class=\"wp-block-heading\"><strong>Evlilik ve \u00e7ift dan\u0131\u015fmanl\u0131\u011f\u0131<\/strong><\/h2>\n\n\n\n<p>\u00d6rne\u011fin evlilikleri yikan problemler ve zararlar:<\/p>\n\n\n\n<ul>\n<li>evlili\u011fe zarar veren duygular<\/li>\n\n\n\n<li>d\u00fc\u015f\u00fcnceler, davran\u0131\u015flar<\/li>\n\n\n\n<li>aldatma<\/li>\n\n\n\n<li>a\u015f\u0131r\u0131 k\u0131skan\u00e7l\u0131k<\/li>\n\n\n\n<li>\u015fiddet<\/li>\n\n\n\n<li>kumar, otomat<\/li>\n\n\n\n<li>alkol<\/li>\n\n\n\n<li>esrar veya uyu\u015fturucu maddeler<\/li>\n\n\n\n<li>sa\u011fl\u0131kl\u0131 bir cinsel hayat i\u00e7in e\u015flerin dikkat etmesi gerekenler<\/li>\n\n\n\n<li>\u0130leti\u015fim problemleri<\/li>\n\n\n\n<li>aile i\u00e7i \u00e7at\u0131\u015fmalar ve \u00e7\u00f6z\u00fcm yollar\u0131<\/li>\n\n\n\n<li>kad\u0131n erkek e\u015fitli\u011fi<\/li>\n\n\n\n<li>\u00f6zg\u00fcrl\u00fck aray\u0131\u015flar\u0131<\/li>\n\n\n\n<li>parasal konular<\/li>\n\n\n\n<li>\u00fc\u00e7\u00fcnc\u00fc \u015fah\u0131slar\u0131n, evli olan \u00e7iftlere gereksiz \u00f6l\u00e7\u00fcs\u00fcz bir \u015fekilde kar\u0131\u015fmalar\u0131<\/li>\n\n\n\n<li>\u00e7al\u0131\u015fan kad\u0131nlar\u0131n ev ve i\u015f yeri sorunlar\u0131<\/li>\n\n\n\n<li>bask\u0131n \u00e7\u0131kma \u00e7abalar\u0131<\/li>\n\n\n\n<li>g\u00fcven problemleri, sen ben, senin benim kavgalar\u0131<\/li>\n\n\n\n<li>Sab\u0131rs\u0131z davranmak, i\u015f, aile ve sosyal hayat\u0131n dengesini kuramamak<\/li>\n\n\n\n<li>E\u015flerin birbirlerini aileleriyle, polisle, avukatla, kanunlarla, fiziksel ve psikolojik \u015fiddetle tehdit etmeleri<\/li>\n<\/ul>\n\n\n\n<h2 class=\"wp-block-heading\"><strong>Hamilelik \u00f6ncesi ve sonras\u0131 dan\u0131\u015fmanl\u0131\u011f\u0131<\/strong><\/h2>\n\n\n\n<p>Anneli\u011fe haz\u0131rl\u0131k, bedensel ve duygusal beslenme, e\u015f deste\u011fi, do\u011fum \u00f6ncesi ve sonras\u0131 depresyonlar\u0131, kabuslar, bedensel ve duygusal kay\u0131plar, k\u00fcrtaj ve d\u00fc\u015f\u00fck sonras\u0131 ruhsal travmalar, hamilelik d\u00f6neminde ve sonras\u0131nda cinsel sorunlar, sigara, alkol, uyu\u015ftucu ve ila\u00e7lar\u0131n etkisi, do\u011fum esnas\u0131nda dikkat edilmesi gerekenler.<\/p>\n\n\n\n<h2 class=\"wp-block-heading\"><strong>Co\u00e7uk dan\u0131\u015fmanl\u0131\u011f\u0131<\/strong><\/h2>\n\n\n\n<p>Gelece\u011fin anne ve baba adaylar\u0131 olan \u00e7ocuklar\u0131m\u0131z\u0131n kendisiyle, ailesiyle ve ya\u015fad\u0131\u011f\u0131 toplumla uyumlu, huzurlu ve mutlu olmalar\u0131 i\u00e7in beden ve ruh sa\u011fl\u0131\u011f\u0131 a\u00e7\u0131s\u0131ndan bilinmesi gerekenlerdir. \u00c7ok k\u00fclt\u00fcrl\u00fc, de\u011fi\u015fik inan\u00e7 ve dillere sahip toplumlarda k\u00fclt\u00fcr, inan\u00e7 ve ku\u015fak \u00e7at\u0131\u015fmas\u0131 ya\u015fayan \u00e7ocuk ve gen\u00e7lerin, anne ve babalar\u0131n dikkat etmesi gereken konular vard\u0131r. Evde, okulda ve arkada\u015f ortamlar\u0131nda davran\u0131\u015flar\u0131n\u0131 kontrol etmede zorluk \u00e7ekenler i\u00e7in \u00f6neriler bulunmaktad\u0131r Sinirlilik, agresiflik, i\u00e7e kapanma, karde\u015f k\u0131skan\u00e7l\u0131\u011f\u0131, alt \u0131slatma, t\u0131rnak yeme , tikler, korkular, tak\u0131nt\u0131lar, yalan , h\u0131rs\u0131zl\u0131k gibi durumlarda yap\u0131lmas\u0131 gerekenlerdendir. Anneye babaya a\u015f\u0131r\u0131 ba\u011f\u0131ml\u0131 olman\u0131n negatif etkileri bilinmek gerekiyor. \u00c7ocuklara kar\u015f\u0131 ilgi, sevgi, ceza ve \u00f6d\u00fcl vermede denge sa\u011flanmal\u0131d\u0131r. \u0130nternet, bilgisayar oyunlar\u0131, cep telefonlar\u0131, diziler, filimler, m\u00fczikler konusunda ve arkada\u015fl\u0131k ili\u015fkilerinde \u00f6l\u00e7\u00fcl\u00fc davranman\u0131n \u00f6nemi dart\u0131lmal\u0131d\u0131r.<\/p>\n\n\n\n<h2 class=\"wp-block-heading\"><strong>Gen\u00e7lik dan\u0131\u015fmanl\u0131\u011f\u0131<\/strong><\/h2>\n\n\n\n<p>Ergenlik d\u00f6neminde bedensel, duygusal, fiziksel, biyolojik, psikolojik ve sosyal de\u011fi\u015fimler ger\u00e7ekle\u015fir. S\u0131nav kayg\u0131lar\u0131, \u00f6\u011fretmen \u00f6\u011frenci sorunlar\u0131, arkada\u015f, a\u015fk ili\u015fkileri, meslek ve yeteneklerin y\u00f6nlendirilmesi gerekir. Bedensel a\u00e7\u0131dan g\u00fczellik, yak\u0131\u015f\u0131kl\u0131l\u0131k, kilo tak\u0131nt\u0131lar\u0131, be\u011fenme be\u011fendirme tuzaklar\u0131 uzak tutulmal\u0131d\u0131r. A\u015f\u0131r\u0131 sinirsel tepkiler, anne baba ku\u015fak \u00e7at\u0131\u015fmalar\u0131, duygular\u0131n sa\u011fl\u0131kl\u0131 y\u00f6nlendirilmesi, e\u011fitilmelidir. Alkol ve uyu\u015fturucalardan koruma konular\u0131nda gen\u00e7lere ve ailelere \u00f6nerlenmelidir.<\/p>\n\n\n\n<h2 class=\"wp-block-heading\"><strong>Bo\u015fanma dan\u0131\u015fmanl\u0131\u011f\u0131<\/strong><\/h2>\n\n\n\n<p>Ayr\u0131lma ka\u00e7\u0131n\u0131lmaz hale gelmi\u015fse e\u015flerin hem kendilerine hemde varsa \u00e7ocuklar\u0131na fazla zarar vermeden bo\u015fanmak sa\u011flanmal\u0131d\u0131r. Bo\u015fanman\u0131n psikolojik, sosyal, k\u00fclt\u00fcrel,hukuksal ve dini boyutlar\u0131, \u00e7ocuklar\u0131n etkilenmeleri \u00f6nem ta\u015f\u0131r. Bo\u015fanmay\u0131 gerektiren durumlar, bo\u015fanm\u0131\u015f e\u015flerin birbirleriyle devam eden ili\u015fkileri nas\u0131l olmal\u0131d\u0131r? \u00dcvey evlat, \u00fcvey anne baba sorunlar\u0131, mahremiyet \u00f6l\u00e7\u00fcleri bulunmas\u0131 gerekir.<\/p>\n","protected":false},"excerpt":{"rendered":"<p>E\u011fer kimseye anlatamad\u0131\u011f\u0131n\u0131z, payla\u015famad\u0131\u011f\u0131n\u0131z ve bunald\u0131\u011f\u0131n\u0131z konular var ise ve i\u00e7inizi bo\u015falt\u0131p ve rahatlatabilece\u011finiz bir ortam ar\u0131yorsan\u0131z, dan\u0131\u015fmanl\u0131k size yard\u0131mc\u0131 olabilir Aile dan\u0131\u015fmanl\u0131\u011f\u0131, bireysel veya t\u00fcm aile sorunlar\u0131 olan aileleri desteklemeyi ama\u00e7lamaktad\u0131r. E\u011fitim sorunlar\u0131na, ayr\u0131l\u0131k veya bo\u015fanmada \u00e7\u00f6z\u00fcm bulmak i\u00e7in yard\u0131mc\u0131 olur. Herkes sorunlar\u0131n\u0131 kendi ba\u015f\u0131na \u00e7\u00f6zemez, bu nedenle aile dan\u0131\u015fmanl\u0131\u011f\u0131, al\u0131\u015f\u0131lm\u0131\u015f davran\u0131\u015f kal\u0131plar\u0131n\u0131 olumlu y\u00f6nde de\u011fi\u015ftirmek i\u00e7in \u00f6nerilen veya gerekli bir ad\u0131md\u0131r. Sa\u011fl\u0131kl\u0131 anne, baba, abi, abla, karde\u015f ili\u015fkileri&hellip;<\/p>\n","protected":false},"author":1,"featured_media":158,"parent":0,"menu_order":0,"comment_status":"closed","ping_status":"closed","template":"","meta":[],"_links":{"self":[{"href":"https:\/\/koerper-seele.php-strauss.de\/tr\/wp-json\/wp\/v2\/pages\/21"}],"collection":[{"href":"https:\/\/koerper-seele.php-strauss.de\/tr\/wp-json\/wp\/v2\/pages"}],"about":[{"href":"https:\/\/koerper-seele.php-strauss.de\/tr\/wp-json\/wp\/v2\/types\/page"}],"author":[{"embeddable":true,"href":"https:\/\/koerper-seele.php-strauss.de\/tr\/wp-json\/wp\/v2\/users\/1"}],"replies":[{"embeddable":true,"href":"https:\/\/koerper-seele.php-strauss.de\/tr\/wp-json\/wp\/v2\/comments?post=21"}],"version-history":[{"count":8,"href":"https:\/\/koerper-seele.php-strauss.de\/tr\/wp-json\/wp\/v2\/pages\/21\/revisions"}],"predecessor-version":[{"id":230,"href":"https:\/\/koerper-seele.php-strauss.de\/tr\/wp-json\/wp\/v2\/pages\/21\/revisions\/230"}],"wp:featuredmedia":[{"embeddable":true,"href":"https:\/\/koerper-seele.php-strauss.de\/tr\/wp-json\/wp\/v2\/media\/158"}],"wp:attachment":[{"href":"https:\/\/koerper-seele.php-strauss.de\/tr\/wp-json\/wp\/v2\/media?parent=21"}],"curies":[{"name":"wp","href":"https:\/\/api.w.org\/{rel}","templated":true}]}}