{"id":25,"date":"2023-04-26T14:33:04","date_gmt":"2023-04-26T12:33:04","guid":{"rendered":"https:\/\/koerper-seele.php-strauss.de\/?page_id=25"},"modified":"2023-06-27T17:31:23","modified_gmt":"2023-06-27T15:31:23","slug":"lebens-und-psychosozialeberatung","status":"publish","type":"page","link":"https:\/\/koerper-seele.php-strauss.de\/tr\/lebens-und-psychosozialeberatung\/","title":{"rendered":"Ya\u015fam Coaching"},"content":{"rendered":"\n<p>Dan\u0131\u015fmanl\u0131k \u00e7e\u015fitli nedenlerle gerekli olabilir. Bir ya\u015fam durumu genellikle ba\u015fa \u00e7\u0131k\u0131lmamas\u0131 gereken stresli bir durum olarak alg\u0131lan\u0131r.<\/p>\n\n\n\n<p>\u00d6rne\u011fin:<\/p>\n\n\n\n<ul>\n<li>Psikolojik problemler<\/li>\n\n\n\n<li>Stres, Sinirlilik, Depresyon, Obsesyon, Panikatak, Korkular, Tak\u0131nt\u0131lar<\/li>\n\n\n\n<li>Uyku bozukluklar\u0131<\/li>\n\n\n\n<li>Ruh sa\u011fl\u0131\u011f\u0131n\u0131 negatif ve pozitif etkileri<\/li>\n\n\n\n<li>Alkol, Kumar, Otomat, \u0130nternet, Oyun,<\/li>\n\n\n\n<li>Uyu\u015fturucu ve madde ba\u011f\u0131ml\u0131l\u0131klar\u0131<\/li>\n\n\n\n<li>H\u0131rs\u0131zl\u0131k,<\/li>\n\n\n\n<li>Mobbing,<\/li>\n\n\n\n<li>Aileler, akrabalar, kom\u015fular ve i\u015f arkada\u015flar\u0131 aras\u0131ndaki kavga ve anla\u015fmazl\u0131klar\u0131n<\/li>\n\n\n\n<li>ve saire<\/li>\n<\/ul>\n\n\n\n<p>Ya\u015fam Coaching de ki\u015fisel sorunlar\u0131n \u00fczerinde \u00e7al\u0131\u015f\u0131labilmesi i\u00e7in bireysel hedeflere ula\u015f\u0131lmas\u0131 i\u00e7in destek verilir. \u0130lgili ya\u015fam \u00f6yk\u00fcs\u00fc ve mevcut problem durumu g\u00f6z \u00f6n\u00fcnde bulundurulur, ard\u0131ndan \u00e7\u00f6z\u00fcmler ve rahatlama geli\u015ftirilebilir. Ya\u015fam Coaching ile ki\u015finin kendi ya\u015fam\u0131nda olumlu de\u011fi\u015fiklikler meydana getirebilmesi i\u00e7in kendi potansiyelinden daha iyi yararlanmas\u0131 gerekir. Kendi kendini iyile\u015ftirme g\u00fc\u00e7leriniz harekete ge\u00e7irilir ve kendi duygu ve sezgilerinize ba\u011flan\u0131r.<\/p>\n","protected":false},"excerpt":{"rendered":"<p>Dan\u0131\u015fmanl\u0131k \u00e7e\u015fitli nedenlerle gerekli olabilir. Bir ya\u015fam durumu genellikle ba\u015fa \u00e7\u0131k\u0131lmamas\u0131 gereken stresli bir durum olarak alg\u0131lan\u0131r. \u00d6rne\u011fin: Ya\u015fam Coaching de ki\u015fisel sorunlar\u0131n \u00fczerinde \u00e7al\u0131\u015f\u0131labilmesi i\u00e7in bireysel hedeflere ula\u015f\u0131lmas\u0131 i\u00e7in destek verilir. \u0130lgili ya\u015fam \u00f6yk\u00fcs\u00fc ve mevcut problem durumu g\u00f6z \u00f6n\u00fcnde bulundurulur, ard\u0131ndan \u00e7\u00f6z\u00fcmler ve rahatlama geli\u015ftirilebilir. Ya\u015fam Coaching ile ki\u015finin kendi ya\u015fam\u0131nda olumlu de\u011fi\u015fiklikler meydana getirebilmesi i\u00e7in kendi potansiyelinden daha iyi yararlanmas\u0131 gerekir. Kendi kendini iyile\u015ftirme g\u00fc\u00e7leriniz harekete ge\u00e7irilir&hellip;<\/p>\n","protected":false},"author":1,"featured_media":171,"parent":0,"menu_order":0,"comment_status":"closed","ping_status":"closed","template":"","meta":[],"_links":{"self":[{"href":"https:\/\/koerper-seele.php-strauss.de\/tr\/wp-json\/wp\/v2\/pages\/25"}],"collection":[{"href":"https:\/\/koerper-seele.php-strauss.de\/tr\/wp-json\/wp\/v2\/pages"}],"about":[{"href":"https:\/\/koerper-seele.php-strauss.de\/tr\/wp-json\/wp\/v2\/types\/page"}],"author":[{"embeddable":true,"href":"https:\/\/koerper-seele.php-strauss.de\/tr\/wp-json\/wp\/v2\/users\/1"}],"replies":[{"embeddable":true,"href":"https:\/\/koerper-seele.php-strauss.de\/tr\/wp-json\/wp\/v2\/comments?post=25"}],"version-history":[{"count":8,"href":"https:\/\/koerper-seele.php-strauss.de\/tr\/wp-json\/wp\/v2\/pages\/25\/revisions"}],"predecessor-version":[{"id":232,"href":"https:\/\/koerper-seele.php-strauss.de\/tr\/wp-json\/wp\/v2\/pages\/25\/revisions\/232"}],"wp:featuredmedia":[{"embeddable":true,"href":"https:\/\/koerper-seele.php-strauss.de\/tr\/wp-json\/wp\/v2\/media\/171"}],"wp:attachment":[{"href":"https:\/\/koerper-seele.php-strauss.de\/tr\/wp-json\/wp\/v2\/media?parent=25"}],"curies":[{"name":"wp","href":"https:\/\/api.w.org\/{rel}","templated":true}]}}