{"id":27,"date":"2023-04-26T14:33:43","date_gmt":"2023-04-26T12:33:43","guid":{"rendered":"https:\/\/koerper-seele.php-strauss.de\/?page_id=27"},"modified":"2023-06-15T11:20:25","modified_gmt":"2023-06-15T09:20:25","slug":"reiki","status":"publish","type":"page","link":"https:\/\/koerper-seele.php-strauss.de\/tr\/reiki\/","title":{"rendered":"Reiki"},"content":{"rendered":"\n<p>Reiki, genellikle hastal\u0131kl\u0131 v\u00fccut k\u0131sm\u0131na ellerin yat\u0131r\u0131lmas\u0131n\u0131 i\u00e7eren enerji \u00e7al\u0131\u015fmas\u0131d\u0131r. Tercihim ellerimi v\u00fccudun birka\u00e7 santim yukar\u0131s\u0131nda tutarak kullanmayi. Reiki ayr\u0131ca dokunarak ve masaj yaparak da kullan\u0131labilir. Rahatsiz V\u00fccut k\u0131sm\u0131na m\u00fcmk\u00fcnd\u00fcr. Reiki uygulamalar\u0131 Enerji t\u0131kan\u0131kl\u0131klar\u0131 ya\u015fam enerjisinin ak\u0131\u015f\u0131n\u0131 engelleyecektir ve b\u00f6ylece her ikisi de fiziksel oldu\u011fu kadar psikolojik sorunlar da ortaya \u00e7\u0131kabilir. Reiki enerji ak\u0131\u015f\u0131 ile \u00f6zellikle a\u015fa\u011f\u0131daki \u015fikayetler i\u00e7in uygulaniyor ve uzaktan iyile\u015fme yoluyla da m\u00fcmk\u00fcnd\u00fcr:<\/p>\n\n\n\n<ul>\n<li>&#8211; i\u00e7sel huzursuzluk ve sinirlilik<\/li>\n\n\n\n<li>&#8211; depresyon ve anksiyete<\/li>\n\n\n\n<li>&#8211; strese ba\u011fl\u0131 ko\u015fullar<\/li>\n\n\n\n<li>&#8211; organlar\u0131n fonksiyonel bozukluklar\u0131<\/li>\n\n\n\n<li>&#8211; enfeksiyonlar ve a\u011fr\u0131<\/li>\n\n\n\n<li>&#8211; t\u00fckenme veya sald\u0131rganl\u0131k<\/li>\n\n\n\n<li>&#8211; yeme bozukluklar\u0131<\/li>\n\n\n\n<li>&#8211; romatizma<\/li>\n\n\n\n<li>&#8211; osteoartrit ve t\u00fckenmi\u015flik sentromu<\/li>\n<\/ul>\n","protected":false},"excerpt":{"rendered":"<p>Reiki, genellikle hastal\u0131kl\u0131 v\u00fccut k\u0131sm\u0131na ellerin yat\u0131r\u0131lmas\u0131n\u0131 i\u00e7eren enerji \u00e7al\u0131\u015fmas\u0131d\u0131r. Tercihim ellerimi v\u00fccudun birka\u00e7 santim yukar\u0131s\u0131nda tutarak kullanmayi. Reiki ayr\u0131ca dokunarak ve masaj yaparak da kullan\u0131labilir. Rahatsiz V\u00fccut k\u0131sm\u0131na m\u00fcmk\u00fcnd\u00fcr. Reiki uygulamalar\u0131 Enerji t\u0131kan\u0131kl\u0131klar\u0131 ya\u015fam enerjisinin ak\u0131\u015f\u0131n\u0131 engelleyecektir ve b\u00f6ylece her ikisi de fiziksel oldu\u011fu kadar psikolojik sorunlar da ortaya \u00e7\u0131kabilir. Reiki enerji ak\u0131\u015f\u0131 ile \u00f6zellikle a\u015fa\u011f\u0131daki \u015fikayetler i\u00e7in uygulaniyor ve uzaktan iyile\u015fme yoluyla da m\u00fcmk\u00fcnd\u00fcr:<\/p>\n","protected":false},"author":1,"featured_media":161,"parent":0,"menu_order":0,"comment_status":"closed","ping_status":"closed","template":"","meta":[],"_links":{"self":[{"href":"https:\/\/koerper-seele.php-strauss.de\/tr\/wp-json\/wp\/v2\/pages\/27"}],"collection":[{"href":"https:\/\/koerper-seele.php-strauss.de\/tr\/wp-json\/wp\/v2\/pages"}],"about":[{"href":"https:\/\/koerper-seele.php-strauss.de\/tr\/wp-json\/wp\/v2\/types\/page"}],"author":[{"embeddable":true,"href":"https:\/\/koerper-seele.php-strauss.de\/tr\/wp-json\/wp\/v2\/users\/1"}],"replies":[{"embeddable":true,"href":"https:\/\/koerper-seele.php-strauss.de\/tr\/wp-json\/wp\/v2\/comments?post=27"}],"version-history":[{"count":4,"href":"https:\/\/koerper-seele.php-strauss.de\/tr\/wp-json\/wp\/v2\/pages\/27\/revisions"}],"predecessor-version":[{"id":181,"href":"https:\/\/koerper-seele.php-strauss.de\/tr\/wp-json\/wp\/v2\/pages\/27\/revisions\/181"}],"wp:featuredmedia":[{"embeddable":true,"href":"https:\/\/koerper-seele.php-strauss.de\/tr\/wp-json\/wp\/v2\/media\/161"}],"wp:attachment":[{"href":"https:\/\/koerper-seele.php-strauss.de\/tr\/wp-json\/wp\/v2\/media?parent=27"}],"curies":[{"name":"wp","href":"https:\/\/api.w.org\/{rel}","templated":true}]}}