{"id":29,"date":"2023-04-26T14:34:44","date_gmt":"2023-04-26T12:34:44","guid":{"rendered":"https:\/\/koerper-seele.php-strauss.de\/?page_id=29"},"modified":"2023-06-15T11:21:16","modified_gmt":"2023-06-15T09:21:16","slug":"alltagsbegleiter-nach-%c2%a745b-sgb-xi","status":"publish","type":"page","link":"https:\/\/koerper-seele.php-strauss.de\/tr\/alltagsbegleiter-nach-%c2%a745b-sgb-xi\/","title":{"rendered":"G\u00fcnl\u00fck yard\u0131m \u00a7 45 b SGB XI"},"content":{"rendered":"\n<p>Profesyonel ve sevgi dolu! Bunlar benim i\u00e7in ayr\u0131lmaz nitelikler. Bir\u00e7ok insan kendi evinde akrabalar\u0131na bakar. Bu g\u00f6revin \u00fcstesinden gelebilmek ya da hakk\u0131n\u0131 verebilmek i\u00e7in yak\u0131nlar\u0131 da ellerinden gelenin en iyisini yap\u0131yorlar. Fakat bakan ki\u015fi duygusal ve fiziksel olarak bunal\u0131m ya\u015f\u0131yabiliyorlar ve keni ihtiya\u00e7lar\u0131 i\u00e7in bir zaman ayirmiyolar hatta kabul etmiyorlar. Bak\u0131ma muhta\u00e7 ki\u015filerin yak\u0131nlar\u0131n\u0131n biraz zaman ay\u0131rabilmesi i\u00e7in saat baz\u0131nda bak\u0131m sunuyorum. Benim i\u00e7in odak noktas\u0131 sadece bak\u0131ma muhta\u00e7 ki\u015fi de\u011fil, ayn\u0131 zamanda bak\u0131m veren yak\u0131nlard\u0131r. Bak\u0131m s\u00fcresi boyunca, dahil olan herkesi, ki\u015fisel durumlar\u0131na g\u00f6re bireysel olarak uyarlanacak \u015fekilde desteklemek istiyorum. Bir sa\u011flay\u0131c\u0131 ile bak\u0131ma muhta\u00e7 ki\u015fi aras\u0131ndaki rol da\u011f\u0131l\u0131m\u0131n\u0131 olumlu y\u00f6nde etkilemek istiyorum.<\/p>\n\n\n\n<ul>\n<li>Bireysel bakim evde<\/li>\n\n\n\n<li>Sinema ve Tiyatro<\/li>\n\n\n\n<li>Gezini<\/li>\n\n\n\n<li>Doktora e\u015flik<\/li>\n\n\n\n<li>Al\u0131\u015f veri\u015fte e\u015flik<\/li>\n\n\n\n<li>Haf\u0131za egzersizi<\/li>\n\n\n\n<li>Okumak<\/li>\n\n\n\n<li>Gurup e\u015fli\u011fi<\/li>\n\n\n\n<li>Idari prosed\u00fcrler<\/li>\n\n\n\n<li>Beraber yemek yapmak<\/li>\n\n\n\n<li>Ayak i\u015fleri\/Randevu almak<\/li>\n\n\n\n<li>Terapi k\u00f6pe\u011finle ileti\u015fim (ziyaret \u2013 Okul ve saire)<\/li>\n<\/ul>\n","protected":false},"excerpt":{"rendered":"<p>Profesyonel ve sevgi dolu! Bunlar benim i\u00e7in ayr\u0131lmaz nitelikler. Bir\u00e7ok insan kendi evinde akrabalar\u0131na bakar. Bu g\u00f6revin \u00fcstesinden gelebilmek ya da hakk\u0131n\u0131 verebilmek i\u00e7in yak\u0131nlar\u0131 da ellerinden gelenin en iyisini yap\u0131yorlar. Fakat bakan ki\u015fi duygusal ve fiziksel olarak bunal\u0131m ya\u015f\u0131yabiliyorlar ve keni ihtiya\u00e7lar\u0131 i\u00e7in bir zaman ayirmiyolar hatta kabul etmiyorlar. Bak\u0131ma muhta\u00e7 ki\u015filerin yak\u0131nlar\u0131n\u0131n biraz zaman ay\u0131rabilmesi i\u00e7in saat baz\u0131nda bak\u0131m sunuyorum. Benim i\u00e7in odak noktas\u0131 sadece bak\u0131ma muhta\u00e7 ki\u015fi&hellip;<\/p>\n","protected":false},"author":1,"featured_media":167,"parent":0,"menu_order":0,"comment_status":"closed","ping_status":"closed","template":"","meta":[],"_links":{"self":[{"href":"https:\/\/koerper-seele.php-strauss.de\/tr\/wp-json\/wp\/v2\/pages\/29"}],"collection":[{"href":"https:\/\/koerper-seele.php-strauss.de\/tr\/wp-json\/wp\/v2\/pages"}],"about":[{"href":"https:\/\/koerper-seele.php-strauss.de\/tr\/wp-json\/wp\/v2\/types\/page"}],"author":[{"embeddable":true,"href":"https:\/\/koerper-seele.php-strauss.de\/tr\/wp-json\/wp\/v2\/users\/1"}],"replies":[{"embeddable":true,"href":"https:\/\/koerper-seele.php-strauss.de\/tr\/wp-json\/wp\/v2\/comments?post=29"}],"version-history":[{"count":4,"href":"https:\/\/koerper-seele.php-strauss.de\/tr\/wp-json\/wp\/v2\/pages\/29\/revisions"}],"predecessor-version":[{"id":182,"href":"https:\/\/koerper-seele.php-strauss.de\/tr\/wp-json\/wp\/v2\/pages\/29\/revisions\/182"}],"wp:featuredmedia":[{"embeddable":true,"href":"https:\/\/koerper-seele.php-strauss.de\/tr\/wp-json\/wp\/v2\/media\/167"}],"wp:attachment":[{"href":"https:\/\/koerper-seele.php-strauss.de\/tr\/wp-json\/wp\/v2\/media?parent=29"}],"curies":[{"name":"wp","href":"https:\/\/api.w.org\/{rel}","templated":true}]}}