{"id":31,"date":"2023-04-26T14:35:00","date_gmt":"2023-04-26T12:35:00","guid":{"rendered":"https:\/\/koerper-seele.php-strauss.de\/?page_id=31"},"modified":"2023-06-27T17:21:37","modified_gmt":"2023-06-27T15:21:37","slug":"therapiehund","status":"publish","type":"page","link":"https:\/\/koerper-seele.php-strauss.de\/tr\/therapiehund\/","title":{"rendered":"Terapi k\u00f6pe\u011fi"},"content":{"rendered":"\n<p>K\u00f6pekle \u00e7al\u0131\u015fmak ya\u015fama sevincini art\u0131r\u0131r. Ayn\u0131 zamanda fiziksel, duygusal, bili\u015fsel ve sosyal becerileri de destekler. Engelli ve engelli olmayan \u00e7ocuklara ve yeti\u015fkinlere \u00e7ok \u00e7e\u015fitli geli\u015fim f\u0131rsatlar\u0131 ve olgunla\u015fma sonras\u0131 sunar. K\u00f6pekler bu g\u00f6rev i\u00e7in \u00f6zellikle uygundur \u00e7\u00fcnk\u00fc g\u00fcveniyorlar, \u00f6n yarg\u0131l\u0131 de\u011filer, yak\u0131nl\u0131k sa\u011fliyorlar, sosyal yap\u0131lar\u0131 insanlara benzer, insana cok yak\u0131n olabiliyorlar, \u00e7abuk \u00f6\u011frenebiliyorlar ve destek kurabiliyorlar.<\/p>\n\n\n\n<p>Her durumda terapi destek k\u00f6pe\u011fi buna g\u00f6re e\u011fitilmeli ve sahibi ile e\u011fitimini tamamlam\u0131\u015f olmal\u0131d\u0131r. Robert Koch Enstit\u00fcs\u00fc&#8217;ne g\u00f6re hijyenik a\u00e7\u0131dan hastal\u0131k bula\u015fma riski yoktur. \u00d6nko\u015fullar, hijyen \u00f6nlemlerine uyulmas\u0131 (bkz. hijyen plan\u0131) ve veteriner g\u00f6zetimi ile k\u00f6pe\u011fin a\u015f\u0131lar\u0131n\u0131n dikkatli bir \u015fekilde belgelenmesidir. K\u00f6pe\u011fin ortama uyum sa\u011flayan kontroll\u00fc davran\u0131\u015flar\u0131ndan elbette ki sahibi sorumludur.<\/p>\n\n\n\n<p>Huzur evleri veya g\u00fcnd\u00fcz bak\u0131m evleri di\u011fer uygulama alanlar\u0131d\u0131r. \u00d6zellikle ya\u015fl\u0131 insanlar, &#8220;hayvan destekli terapi&#8221; kullan\u0131m\u0131ndan yararlan\u0131r! Hayvanlar kap\u0131lar\u0131 a\u00e7ar, genellikle iki ayakl\u0131 arkada\u015flardan saklanan insanlara eri\u015fim bulurlar. Hayvanlar, birileri ad\u0131n\u0131 unutmu\u015f olsun ya da art\u0131k aynada kendilerini tan\u0131yam\u0131yor olsun, \u00f6nyarg\u0131l\u0131 de\u011fildir. Soru sormuyorsunuz ve ele\u015ftirmiyorsunuz. Hayvanlar ok\u015fanmaya ve sevilmeye tepki verirler ama d\u0131\u015f g\u00f6r\u00fcn\u00fc\u015fe tepki vermezler. \u0130htiya\u00e7 duyuldu\u011fu hissini iletirler ve sizi hareket halinde tutarlar. Motor bozukluklar s\u00f6z konusu oldu\u011funda, \u00f6rne\u011fin fel\u00e7ten sonra, d\u00f6rt ayakl\u0131 arkada\u015flar stim\u00fclasyon ve hareket egzersizleri i\u00e7in kullan\u0131l\u0131r. Davran\u0131\u015f terapisinde, beden dilini uygularken ve \u015fimdinin fark\u0131ndal\u0131\u011f\u0131n\u0131 artt\u0131r\u0131rken bir ileti\u015fim yard\u0131mc\u0131s\u0131 olarak yard\u0131mc\u0131 olurlar. Rahat bir atmosfer yarat\u0131rlar ve konfor sunarlar. Minnettarl\u0131\u011f\u0131n\u0131z ve ba\u011fl\u0131l\u0131\u011f\u0131n\u0131z ruh \u00fczerinde iyile\u015ftirici bir etkiye sahiptir. \u00d6zellikle zor ya\u015fam ko\u015fullar\u0131ndaki insanlar i\u00e7in, \u00f6rne\u011fin bir kayb\u0131 i\u015flerken veya tan\u0131maya ihtiya\u00e7 duyarken, hayvanlar \u00f6zg\u00fcveni g\u00fc\u00e7lendirdikleri i\u00e7in \u00e7ok faydal\u0131d\u0131r. Bir hayvanla temas halinde olmak ve onunla ba\u011f kurmak hem fiziksel hem de zihinsel olarak size iyi gelir. Pek \u00e7ok insan i\u00e7in hayvanlar, e\u015f ikamesi, \u00e7ocuk ikamesi veya sadece arkada\u015f ve yard\u0131mc\u0131d\u0131r ve onlara ihtiya\u00e7 duydu\u011funuzda her zaman oradalar ve sizi her zaman dinlerler. Sad\u0131k ve \u00f6zenli, sevgi dolu ve \u00e7ocuksu bir \u015fey yayarlar ve sar\u0131larak ve sar\u0131larak yat\u0131\u015ft\u0131r\u0131rlar.<\/p>\n","protected":false},"excerpt":{"rendered":"<p>K\u00f6pekle \u00e7al\u0131\u015fmak ya\u015fama sevincini art\u0131r\u0131r. Ayn\u0131 zamanda fiziksel, duygusal, bili\u015fsel ve sosyal becerileri de destekler. Engelli ve engelli olmayan \u00e7ocuklara ve yeti\u015fkinlere \u00e7ok \u00e7e\u015fitli geli\u015fim f\u0131rsatlar\u0131 ve olgunla\u015fma sonras\u0131 sunar. K\u00f6pekler bu g\u00f6rev i\u00e7in \u00f6zellikle uygundur \u00e7\u00fcnk\u00fc g\u00fcveniyorlar, \u00f6n yarg\u0131l\u0131 de\u011filer, yak\u0131nl\u0131k sa\u011fliyorlar, sosyal yap\u0131lar\u0131 insanlara benzer, insana cok yak\u0131n olabiliyorlar, \u00e7abuk \u00f6\u011frenebiliyorlar ve destek kurabiliyorlar. Her durumda terapi destek k\u00f6pe\u011fi buna g\u00f6re e\u011fitilmeli ve sahibi ile e\u011fitimini tamamlam\u0131\u015f olmal\u0131d\u0131r.&hellip;<\/p>\n","protected":false},"author":1,"featured_media":173,"parent":0,"menu_order":0,"comment_status":"closed","ping_status":"closed","template":"","meta":[],"_links":{"self":[{"href":"https:\/\/koerper-seele.php-strauss.de\/tr\/wp-json\/wp\/v2\/pages\/31"}],"collection":[{"href":"https:\/\/koerper-seele.php-strauss.de\/tr\/wp-json\/wp\/v2\/pages"}],"about":[{"href":"https:\/\/koerper-seele.php-strauss.de\/tr\/wp-json\/wp\/v2\/types\/page"}],"author":[{"embeddable":true,"href":"https:\/\/koerper-seele.php-strauss.de\/tr\/wp-json\/wp\/v2\/users\/1"}],"replies":[{"embeddable":true,"href":"https:\/\/koerper-seele.php-strauss.de\/tr\/wp-json\/wp\/v2\/comments?post=31"}],"version-history":[{"count":5,"href":"https:\/\/koerper-seele.php-strauss.de\/tr\/wp-json\/wp\/v2\/pages\/31\/revisions"}],"predecessor-version":[{"id":225,"href":"https:\/\/koerper-seele.php-strauss.de\/tr\/wp-json\/wp\/v2\/pages\/31\/revisions\/225"}],"wp:featuredmedia":[{"embeddable":true,"href":"https:\/\/koerper-seele.php-strauss.de\/tr\/wp-json\/wp\/v2\/media\/173"}],"wp:attachment":[{"href":"https:\/\/koerper-seele.php-strauss.de\/tr\/wp-json\/wp\/v2\/media?parent=31"}],"curies":[{"name":"wp","href":"https:\/\/api.w.org\/{rel}","templated":true}]}}