{"id":39,"date":"2023-04-26T14:36:46","date_gmt":"2023-04-26T12:36:46","guid":{"rendered":"https:\/\/koerper-seele.php-strauss.de\/?page_id=39"},"modified":"2023-06-16T11:55:00","modified_gmt":"2023-06-16T09:55:00","slug":"mitarbeitersport","status":"publish","type":"page","link":"https:\/\/koerper-seele.php-strauss.de\/tr\/mitarbeitersport\/","title":{"rendered":"I\u015fciler i\u00e7in spor"},"content":{"rendered":"\n<h2 class=\"wp-block-heading\"><strong>Spor ile Ruhsal ve fiziksel sa\u011fl\u0131\u011f\u0131<\/strong><\/h2>\n\n\n\n<p>\u015eirket sporu her \u015feyden \u00f6nce \u00e7ok pop\u00fclerdir \u00e7\u00fcnk\u00fc optimal bir i\u015f-ya\u015fam dengesi sa\u011fl\u0131yor ve g\u00fcnl\u00fck i\u015flerin m\u00fckemmel bir tamamlay\u0131c\u0131s\u0131d\u0131r. Odak noktas\u0131 rekabet\u00e7i karakter de\u011fil, sa\u011fl\u0131\u011f\u0131n korunmas\u0131n\u0131, hastal\u0131klar\u0131n \u00f6nlenmesini ve mesleki i\u015fbirli\u011fini destekleyen \u00f6nleme \u00fczerinedir. \u015eirket sporu, i\u015f performans\u0131n\u0131 art\u0131rabilir, stresi azaltabilir, endorfin d\u00fczeylerini y\u00fckseltebilir, kendi koydu\u011fu hedeflere ula\u015fabilir ve i\u015f arkada\u015flar\u0131yla e\u011flenebilinir. G\u00fcnl\u00fck i\u015fler sporla gev\u015fetilirse, bunun \u00e7al\u0131\u015fanlar\u0131n i\u015f performans\u0131 \u00fczerinde a\u00e7\u0131k\u00e7a olumlu bir etkisi vard\u0131r. Daha motive ve daha iyi tak\u0131m oyuncular\u0131 olduklar\u0131 kan\u0131tlanm\u0131\u015ft\u0131r. Bu, ekip uyumunu geli\u015ftirir ve i\u015f arkada\u015flar\u0131 birbirlerini \u00e7al\u0131\u015fma ortam\u0131 d\u0131\u015f\u0131nda daha iyi tan\u0131r. Departmanlar aras\u0131nda yeni ba\u011flant\u0131lar ve a\u011flar da kurulabilir. Ortak bir spora olan tutku ba\u011flan\u0131r ve \u00f6nceki kolej ba\u011f\u0131 dost\u00e7a bir d\u00fczeyde derinle\u015ftirilebilir. B\u00f6ylece spor, \u015firketlerin ekip olu\u015fturmay\u0131 te\u015fvik etmelerine ve \u00e7al\u0131\u015fma atmosferini \u00f6nemli \u00f6l\u00e7\u00fcde iyile\u015ftirmelerine yard\u0131mc\u0131 olabilir.<\/p>\n\n\n\n<p>.<\/p>\n\n\n\n<h2 class=\"wp-block-heading\"><strong>\u015eirket sa\u011fl\u0131\u011f\u0131n\u0131 geli\u015ftirmenin bir arac\u0131 olarak \u015firket sporu<\/strong><\/h2>\n\n\n\n<p>Gerginlik, bel f\u0131t\u0131\u011f\u0131 ve obezite, \u015firket sporu ile etkili bir \u015fekilde \u00f6nlenebilir. \u015eirket sporu, \u00e7al\u0131\u015fanlar\u0131n performans\u0131n\u0131n korunmas\u0131na ve b\u00f6ylece hastal\u0131k izinlerinin d\u00fc\u015f\u00fck seviyede tutulmas\u0131na yard\u0131mc\u0131 olur. Ayr\u0131ca bir\u00e7ok durumda daha iyi bir \u00e7al\u0131\u015fma ortam\u0131 sa\u011flarlar ve \u00e7al\u0131\u015fanlar, \u00e7al\u0131\u015fanlar ve yeni uzmanlar i\u00e7in \u015firketin \u00e7ekicili\u011fini art\u0131r\u0131rlar.Spor faaliyetinin insan sa\u011fl\u0131\u011f\u0131 \u00fczerinde \u00e7e\u015fitli olumlu etkileri vard\u0131r, onu strese kar\u015f\u0131 daha dayan\u0131kl\u0131 ve daha \u00f6zg\u00fcvenli hale getirir. kendinden emin. \u00c7e\u015fitli \u00e7al\u0131\u015fmalar, di\u011fer \u015feylerin yan\u0131 s\u0131ra, kardiyovask\u00fcler hastal\u0131klar\u0131n, dola\u015f\u0131m bozukluklar\u0131n\u0131n ve diabetes mellitusun yan\u0131 s\u0131ra psikolojik sa\u011fl\u0131\u011f\u0131n geli\u015fimini etkili bir \u015fekilde \u00f6nleyebilece\u011fini g\u00f6stermi\u015ftir.<\/p>\n","protected":false},"excerpt":{"rendered":"<p>Spor ile Ruhsal ve fiziksel sa\u011fl\u0131\u011f\u0131 \u015eirket sporu her \u015feyden \u00f6nce \u00e7ok pop\u00fclerdir \u00e7\u00fcnk\u00fc optimal bir i\u015f-ya\u015fam dengesi sa\u011fl\u0131yor ve g\u00fcnl\u00fck i\u015flerin m\u00fckemmel bir tamamlay\u0131c\u0131s\u0131d\u0131r. Odak noktas\u0131 rekabet\u00e7i karakter de\u011fil, sa\u011fl\u0131\u011f\u0131n korunmas\u0131n\u0131, hastal\u0131klar\u0131n \u00f6nlenmesini ve mesleki i\u015fbirli\u011fini destekleyen \u00f6nleme \u00fczerinedir. \u015eirket sporu, i\u015f performans\u0131n\u0131 art\u0131rabilir, stresi azaltabilir, endorfin d\u00fczeylerini y\u00fckseltebilir, kendi koydu\u011fu hedeflere ula\u015fabilir ve i\u015f arkada\u015flar\u0131yla e\u011flenebilinir. G\u00fcnl\u00fck i\u015fler sporla gev\u015fetilirse, bunun \u00e7al\u0131\u015fanlar\u0131n i\u015f performans\u0131 \u00fczerinde a\u00e7\u0131k\u00e7a olumlu bir&hellip;<\/p>\n","protected":false},"author":1,"featured_media":160,"parent":0,"menu_order":0,"comment_status":"closed","ping_status":"closed","template":"","meta":[],"_links":{"self":[{"href":"https:\/\/koerper-seele.php-strauss.de\/tr\/wp-json\/wp\/v2\/pages\/39"}],"collection":[{"href":"https:\/\/koerper-seele.php-strauss.de\/tr\/wp-json\/wp\/v2\/pages"}],"about":[{"href":"https:\/\/koerper-seele.php-strauss.de\/tr\/wp-json\/wp\/v2\/types\/page"}],"author":[{"embeddable":true,"href":"https:\/\/koerper-seele.php-strauss.de\/tr\/wp-json\/wp\/v2\/users\/1"}],"replies":[{"embeddable":true,"href":"https:\/\/koerper-seele.php-strauss.de\/tr\/wp-json\/wp\/v2\/comments?post=39"}],"version-history":[{"count":3,"href":"https:\/\/koerper-seele.php-strauss.de\/tr\/wp-json\/wp\/v2\/pages\/39\/revisions"}],"predecessor-version":[{"id":206,"href":"https:\/\/koerper-seele.php-strauss.de\/tr\/wp-json\/wp\/v2\/pages\/39\/revisions\/206"}],"wp:featuredmedia":[{"embeddable":true,"href":"https:\/\/koerper-seele.php-strauss.de\/tr\/wp-json\/wp\/v2\/media\/160"}],"wp:attachment":[{"href":"https:\/\/koerper-seele.php-strauss.de\/tr\/wp-json\/wp\/v2\/media?parent=39"}],"curies":[{"name":"wp","href":"https:\/\/api.w.org\/{rel}","templated":true}]}}